{"id":1221,"date":"2021-11-29T11:57:46","date_gmt":"2021-11-29T11:57:46","guid":{"rendered":"https:\/\/bliss-origin.com\/?page_id=1221"},"modified":"2023-02-22T23:46:35","modified_gmt":"2023-02-22T23:46:35","slug":"services","status":"publish","type":"page","link":"https:\/\/bliss-origin.com\/de\/services\/","title":{"rendered":"Dienstleistungen"},"content":{"rendered":"<p>[et_pb_section fb_built=&#8221;1&#8243; fullwidth=&#8221;on&#8221; custom_padding_last_edited=&#8221;on|desktop&#8221; module_class=&#8221;dc_page_fullwidth_headers&#8221; _builder_version=&#8221;4.14.7&#8243; background_color=&#8221;#ffffff&#8221; background_image=&#8221;https:\/\/bliss-origin.com\/wp-content\/uploads\/2023\/02\/it-services-header-scaled.jpg&#8221; height=&#8221;100vh&#8221; height_tablet=&#8221;100vh&#8221; height_phone=&#8221;100vh&#8221; height_last_edited=&#8221;on|phone&#8221; custom_margin=&#8221;0px||||false|false&#8221; custom_padding_tablet=&#8221;50px|0|50px|0&#8243; custom_padding_phone=&#8221;&#8221; hover_enabled=&#8221;0&#8243; transparent_background=&#8221;off&#8221; padding_mobile=&#8221;off&#8221; make_fullwidth=&#8221;off&#8221; use_custom_width=&#8221;off&#8221; width_unit=&#8221;on&#8221; global_colors_info=&#8221;{}&#8221; title_text=&#8221;Tech devices and icons connected to digital planet earth&#8221; sticky_enabled=&#8221;0&#8243;][et_pb_fullwidth_header text_orientation=&#8221;center&#8221; header_fullscreen=&#8221;on&#8221; header_scroll_down=&#8221;on&#8221; scroll_down_icon=&#8221;%%4%%&#8221; background_overlay_color=&#8221;rgba(0,0,0,0.2)&#8221; admin_label=&#8221;Fullwidth Header with icon&#8221; _builder_version=&#8221;4.14.7&#8243; background_color=&#8221;rgba(255, 255, 255, 0)&#8221; background_enable_image=&#8221;off&#8221; custom_margin=&#8221;||||false|false&#8221; global_colors_info=&#8221;{}&#8221; button_one_text_size__hover_enabled=&#8221;off&#8221; button_one_text_size__hover=&#8221;null&#8221; button_two_text_size__hover_enabled=&#8221;off&#8221; button_two_text_size__hover=&#8221;null&#8221; button_one_text_color__hover_enabled=&#8221;off&#8221; button_one_text_color__hover=&#8221;null&#8221; button_two_text_color__hover_enabled=&#8221;off&#8221; button_two_text_color__hover=&#8221;null&#8221; button_one_border_width__hover_enabled=&#8221;off&#8221; button_one_border_width__hover=&#8221;null&#8221; button_two_border_width__hover_enabled=&#8221;off&#8221; button_two_border_width__hover=&#8221;null&#8221; button_one_border_color__hover_enabled=&#8221;off&#8221; button_one_border_color__hover=&#8221;null&#8221; button_two_border_color__hover_enabled=&#8221;off&#8221; button_two_border_color__hover=&#8221;null&#8221; button_one_border_radius__hover_enabled=&#8221;off&#8221; button_one_border_radius__hover=&#8221;null&#8221; button_two_border_radius__hover_enabled=&#8221;off&#8221; button_two_border_radius__hover=&#8221;null&#8221; button_one_letter_spacing__hover_enabled=&#8221;on&#8221; button_one_letter_spacing__hover=&#8221;0&#8243; button_two_letter_spacing__hover_enabled=&#8221;on&#8221; button_two_letter_spacing__hover=&#8221;0&#8243; button_one_bg_color__hover_enabled=&#8221;off&#8221; button_one_bg_color__hover=&#8221;null&#8221; button_two_bg_color__hover_enabled=&#8221;off&#8221; button_two_bg_color__hover=&#8221;null&#8221;]<code><i class=\"fa fa-cubes\" aria-hidden=\"true\"><\/i><\/code><\/p>\n<h1 class=\"dc_header_main_headline\">UNSERE DIENSTLEISTUNGEN<\/h1>\n<h3 class=\"dc_header_sub_headline\">UNSERE ANGEBOTE F\u00dcR SIE!<\/h3>\n<p>[\/et_pb_fullwidth_header][\/et_pb_section][et_pb_section fb_built=&#8221;1&#8243; _builder_version=&#8221;4.14.4&#8243; _module_preset=&#8221;default&#8221; background_color=&#8221;#11131a&#8221; custom_padding=&#8221;0px||0px||true|false&#8221; hover_transition_duration=&#8221;1000ms&#8221; global_colors_info=&#8221;{}&#8221;][et_pb_row _builder_version=&#8221;4.14.4&#8243; _module_preset=&#8221;default&#8221; background_color=&#8221;#11131a&#8221; background_enable_image=&#8221;off&#8221; width=&#8221;100%&#8221; max_width=&#8221;100%&#8221; module_alignment=&#8221;center&#8221; custom_margin=&#8221;||||true|false&#8221; custom_padding=&#8221;0px||0px||true|false&#8221; hover_transition_duration=&#8221;1000ms&#8221; global_colors_info=&#8221;{}&#8221;][et_pb_column type=&#8221;4_4&#8243; _builder_version=&#8221;4.14.4&#8243; _module_preset=&#8221;default&#8221; background_color=&#8221;#11131a&#8221; background_enable_image=&#8221;off&#8221; custom_padding=&#8221;||||false|false&#8221; hover_transition_duration=&#8221;1000ms&#8221; custom_css_main_element=&#8221;margin-right: 0px!important;||margin-bottom: 0px!important;&#8221; global_colors_info=&#8221;{}&#8221;][et_pb_text _builder_version=&#8221;4.14.7&#8243; _module_preset=&#8221;default&#8221; header_font=&#8221;Poppins|||on|||||&#8221; header_text_align=&#8221;center&#8221; header_text_color=&#8221;#FFFFFF&#8221; header_2_font=&#8221;Poppins||||||||&#8221; header_2_text_align=&#8221;center&#8221; header_3_font=&#8221;Poppins||||||||&#8221; header_3_text_align=&#8221;center&#8221; module_alignment=&#8221;center&#8221; custom_margin=&#8221;||||true|false&#8221; custom_padding=&#8221;70px||70px||true|false&#8221; global_colors_info=&#8221;{}&#8221;]<\/p>\n<h1><span>Unsere Hauptexpertisen<\/span><\/h1>\n<h3 class=\"dc_headline_team_bellow\">L\u00d6SUNGEN F\u00dcR IHREN ERFOLG<\/h3>\n<p>[\/et_pb_text][et_pb_divider show_divider=&#8221;off&#8221; _builder_version=&#8221;4.14.4&#8243; _module_preset=&#8221;default&#8221; width=&#8221;13%&#8221; module_alignment=&#8221;center&#8221; custom_margin=&#8221;-25px||||false|false&#8221; custom_padding=&#8221;||||false|false&#8221; global_colors_info=&#8221;{}&#8221;][\/et_pb_divider][et_pb_tabs active_tab_background_color=&#8221;#11131a&#8221; inactive_tab_background_color=&#8221;#11131a&#8221; active_tab_text_color=&#8221;#FFFFFF&#8221; _builder_version=&#8221;4.14.7&#8243; _module_preset=&#8221;default&#8221; tab_text_color=&#8221;#FFFFFF&#8221; body_font=&#8221;Poppins|300|||||||&#8221; body_text_align=&#8221;left&#8221; body_text_color=&#8221;#FFFFFF&#8221; tab_font_size=&#8221;15px&#8221; custom_margin=&#8221;-40px|15px||15px|false|true&#8221; custom_padding=&#8221;||||true|true&#8221; hover_transition_duration=&#8221;1000ms&#8221; border_width_all=&#8221;0px&#8221; global_colors_info=&#8221;{}&#8221;][et_pb_tab title=&#8221;WEB DEVELOPMENT&#8221; _builder_version=&#8221;4.14.7&#8243; _module_preset=&#8221;default&#8221; custom_padding=&#8221;||||false|false&#8221; hover_transition_duration=&#8221;100ms&#8221; hover_transition_speed_curve=&#8221;ease-in&#8221; global_colors_info=&#8221;{}&#8221;]<\/p>\n<div class=\"tab_text\">\n<h3 style=\"text-align: left;\">UNSER ANGEBOT<\/h3>\n<p style=\"text-align: left;\">Wir lieben Geschwindigkeit und Qualit\u00e4t. Deshalb haben wir uns darauf konzentriert, Ihnen leicht editierbare Webseiten zu liefern, die auf dem Prinzip WYSIWYG - \"What You See Is What You Get\" basieren.<\/p>\n<p>Das bedeutet, dass Ihre Webseite unter Ihrer Kontrolle bleibt und der Inhalt jederzeit einfach ge\u00e4ndert werden kann.<\/p>\n<p style=\"text-align: left;\">Auf WordPress spezialisiert, k\u00f6nnen wir Ihnen eine vollst\u00e4ndige Webseite anbieten mit:<\/p>\n<ul>\n<li style=\"list-style-type: none;\">\n<ul>\n<li style=\"text-align: left;\">einem Frontend-Webdesign basierend auf Elegant Themes Divi - WYSIWYG<\/li>\n<li style=\"text-align: left;\">einer beliebigen Anzahl von Webseiten wie die Ankommensseite, Kontaktseite, ...<\/li>\n<li style=\"text-align: left;\">Einbindung Ihrer Inhalte ODER wir finden geeignete Inhalte wie freie Bilder und Grundtexte als Startbasis<\/li>\n<li style=\"text-align: left;\">Integration in einem Hoster Ihrer Wahl<\/li>\n<li style=\"text-align: left;\">Konfiguration Ihrer Kontakt-Mailadresse<\/li>\n<li style=\"text-align: left;\">Teilen von Inhalten \u00fcber soziale Medien wie YouTube, Facebook, LinkedIn und Instagram<\/li>\n<li style=\"text-align: left;\">SEO und Geschwindigkeitsoptimierung<\/li>\n<li style=\"text-align: left;\">und vieles mehr ..<\/li>\n<\/ul>\n<\/li>\n<\/ul>\n<p>F\u00fcr weitere Details k\u00f6nnen Sie sich gerne mit uns in Verbindung setzen.<\/p>\n<\/div>\n<div class=\"tab_image\"><img loading=\"lazy\" decoding=\"async\" src=\"https:\/\/bliss-origin.com\/wp-content\/uploads\/2023\/01\/web-cutout.png\" width=\"300\" height=\"243\" alt=\"\" class=\"wp-image-1333 alignnone size-medium\" \/><\/div>\n<div id=\"icons-container\">\n<div class=\"center\">\n<div id=\"flex-box\">\n<div class=\"item item-1\">\n<div class=\"icon-box icon-box-1\"><i class=\"fas fa-search\"><\/i><\/div>\n<div class=\"title title-1\">\n<h3>ANFORDERUNGSANALYSE<\/h3>\n<\/div>\n<div class=\"text\">\n<p>Der erste Schritt besteht darin Ihre W\u00fcnsche zu erfassen und eine Liste von Eigenschaften und Funktionen Ihrer Webseite zu erstellen.<\/p>\n<\/div>\n<\/div>\n<div class=\"item item-1\">\n<div class=\"icon-box icon-box-1\"><i class=\"fas fa-palette\"><\/i><\/div>\n<div class=\"title title-1\">\n<h3>DESIGN<\/h3>\n<\/div>\n<div class=\"text\">\n<p>Im zweiten Schritt werden wir zusammen eine erste Zeichnung Ihrer Webseite auf Basis von DIVI und WYSIWYG kreieren. Aufgrund unserer Erfahrung k\u00f6nnen wir Sie als Hilfestellung dabei f\u00fchren eine geeignete und fantastische Darstellung zu finden. Auf diese Weise werden wir die Seiten und Abschnitte Ihrer Webseite konkretisieren.<\/p>\n<\/div>\n<\/div>\n<div class=\"item item-1\">\n<div class=\"icon-box icon-box-1\"><i class=\"fas fa-layer-group\"><\/i><\/div>\n<div class=\"title title-1\">\n<h3>AGILE ENTWICKLUNG<\/h3>\n<\/div>\n<div class=\"text\">\n<p>In w\u00f6chentlichen Iterationen entwickeln wir Ihre Webseite auf der Grundlage Ihrer Priorit\u00e4ten, Ihres Feedbacks und weiterer Anregungen, um Ihnen genau das zu liefern, was Sie wollen.<\/p>\n<\/div>\n<\/div>\n<div class=\"item item-1\">\n<div class=\"icon-box icon-box-1\"><i class=\"fab fa-codepen\"><\/i><\/div>\n<div class=\"title title-1\">\n<h3>Langzeit Support<\/h3>\n<\/div>\n<div class=\"text\">\n<p>Auch nach der Fertigstellung Ihrer Webseite bleibt unser Team an Ihrer Seite und bietet Ihnen inhaltliche Unterst\u00fctzung und technische Wartung an.<\/p>\n<\/div>\n<\/div>\n<\/div>\n<\/div>\n<\/div>\n<p>[\/et_pb_tab][et_pb_tab title=&#8221;APP DEVELOPMENT&#8221; _builder_version=&#8221;4.14.7&#8243; _module_preset=&#8221;default&#8221; hover_transition_duration=&#8221;100ms&#8221; global_colors_info=&#8221;{}&#8221;]<\/p>\n<div class=\"tab_text\">\n<h3 style=\"text-align: left;\">UNSER PROZESS<\/h3>\n<p style=\"text-align: left;\">Sie haben eine App-Idee und wissen nicht, wie Sie diese umsetzen k\u00f6nnen? Oder sind Sie auf der Suche nach professionellen und erfahrenen App-Entwicklern, die Ihr Team unterst\u00fctzen k\u00f6nnen? In beiden F\u00e4llen k\u00f6nnen wir Ihnen helfen!<\/p>\n<p>Unsere Experten bieten:<\/p>\n<ul>\n<li style=\"text-align: left;\">Kenntnisse in der Wasserfall- und agilen Entwicklung, einschlie\u00dflich Scrum Master-Zertifizierungen<\/li>\n<li style=\"text-align: left;\">langj\u00e4hrige Entwicklungserfahrung aus der Arbeit in professionellen Teams f\u00fcr sehr erfolgreiche und wichtige Softwareprodukte<\/li>\n<li style=\"text-align: left;\">Kenntnisse in vielen Programmier- und Skriptsprachen wie Swift, Kotlin, Java, YAML, Pearl und mehr<\/li>\n<li style=\"text-align: left;\">qualitativ hochwertiger und wartbarer Clean Code auf der Grundlage von Standardkonventionen, SOLID- und KISS-Prinzipien<\/li>\n<li style=\"text-align: left;\">motivierte Pers\u00f6nlichkeiten mit hoher Teamf\u00e4higkeit und sozialer Kompetenz<\/li>\n<li style=\"text-align: left;\">und vieles mehr ..<\/li>\n<\/ul>\n<p>F\u00fcr weitere Details k\u00f6nnen Sie sich gerne mit uns in Verbindung setzen.<\/p>\n<\/div>\n<div class=\"tab_image\"><img loading=\"lazy\" decoding=\"async\" src=\"https:\/\/bliss-origin.com\/wp-content\/uploads\/2023\/01\/app-cutout1-cutout.png\" width=\"300\" height=\"210\" alt=\"web application\" class=\"wp-image-1730 alignnone size-medium\" \/><\/div>\n<div id=\"icons-container\">\n<div class=\"center\">\n<div id=\"flex-box\">\n<div class=\"item item-2\">\n<div class=\"icon-box icon-box-2\"><i class=\"fas fa-palette\"><\/i><\/div>\n<div class=\"title title-2\">\n<h3>Anforderungsanalyse<\/h3>\n<\/div>\n<div class=\"text\">\n<p>Sie haben eine App-Idee und wissen nicht, wie Sie diese umsetzen k\u00f6nnen? Oder sind Sie auf der Suche nach professionellen und erfahrenen App-Entwicklern, die Ihr Team unterst\u00fctzen k\u00f6nnen? Was sind die erwarteten Funktionalit\u00e4ten der App? Im ersten Schritt kl\u00e4ren wir alle Ihre W\u00fcnsche.<\/p>\n<\/div>\n<\/div>\n<div class=\"item item-2\">\n<div class=\"icon-box icon-box-2\"><i class=\"fas fa-stream\"><\/i><\/div>\n<div class=\"title title-2\">\n<h3>Agile Entwicklung<\/h3>\n<\/div>\n<div class=\"text\">\n<p>Innerhalb eines definierten Projektzeitraums legen wir direkt los und planen, entwerfen, entwickeln, testen und ver\u00f6ffentlichen Ihre App in w\u00f6chentlichen Zyklen.<\/p>\n<\/div>\n<\/div>\n<div class=\"item item-2\">\n<div class=\"icon-box icon-box-2\"><i class=\"fas fa-cog\"><\/i><\/div>\n<div class=\"title title-2\">\n<h3>\u00dcberwachung und \u00dcberpr\u00fcfung<\/h3>\n<\/div>\n<div class=\"text\">\n<p>Durch diesen agilen Ansatz k\u00f6nnen Sie den Prozess \u00fcberwachen, die entstehenden App-Inkremente \u00fcberpr\u00fcfen und den Entwicklungsweg nach Ihren W\u00fcnschen steuern. Auch wenn sich Ihre Anforderungen aufgrund neuer Ideen oder Erkenntnisse \u00e4ndern, sind wir f\u00fcr Sie da, damit Ihr Projekt ein Erfolg wird.<\/p>\n<\/div>\n<\/div>\n<div class=\"item item-2\">\n<div class=\"icon-box icon-box-2\"><i class=\"fas fa-rocket\"><\/i><\/div>\n<div class=\"title title-2\">\n<h3>Ver\u00f6ffentlichung<\/h3>\n<\/div>\n<div class=\"text\">\n<p>Wenn die App Ihren Qualit\u00e4tsanspr\u00fcchen entspricht, helfen wir Ihnen, sie im firmeneigenen App-Store oder in den weltweit verf\u00fcgbaren Online-Stores von Google und Apple zu ver\u00f6ffentlichen. Und auch danach sind wir f\u00fcr Sie da, wenn es um Weiterentwicklungen, Support und Wartung geht.<\/p>\n<\/div>\n<\/div>\n<\/div>\n<\/div>\n<\/div>\n<p>[\/et_pb_tab][et_pb_tab title=&#8221;AGILE WORKING&#8221; _builder_version=&#8221;4.14.7&#8243; _module_preset=&#8221;default&#8221; hover_transition_duration=&#8221;100ms&#8221; global_colors_info=&#8221;{}&#8221;]<\/p>\n<div class=\"tab_text\">\n<h3 style=\"text-align: left;\">UNSER PROZESS<\/h3>\n<p style=\"text-align: left;\">In einer Welt, in der sich Technologien \u00fcber Nacht \u00e4ndern und st\u00e4ndig neue M\u00f6glichkeiten entstehen, scheint ein statischer Ansatz der langfristigen Entwicklung nach dem Wasserfallmodell unangemessen. Aus diesem Grund sind alle unsere Web- und App-Entwickler und -Tester zertifizierte Experten in SCRUM und KANBAN und haben Erfahrung in der Arbeit in agilen Teams f\u00fcr erfolgreiche Projekte. Dar\u00fcber hinaus verf\u00fcgen wir \u00fcber erfahrene Scrum Master und Product Owner, die Ihr Team dabei unterst\u00fctzen, die agile Arbeitsweise einfach und effektiv zu integrieren.<\/p>\n<p>Wir bieten Ihnen:<\/p>\n<ul>\n<li style=\"text-align: left;\">zertifizierte Scrum Master und Product Owner f\u00fcr Ihr Team und Ihre Projekte<\/li>\n<li style=\"text-align: left;\">\n<p style=\"text-align: left;\">zertifizierte Agile-Entwickler f\u00fcr Web- und App-Entwicklung<\/p>\n<\/li>\n<li style=\"text-align: left;\">agile Teams, die Ihre W\u00fcnsche als Product Owner erf\u00fcllen<\/li>\n<\/ul>\n<p style=\"text-align: left;\">F\u00fcr weitere Details k\u00f6nnen Sie sich gerne mit uns in Verbindung setzen.<\/p>\n<p style=\"text-align: left;\">\n<\/div>\n<div class=\"tab_image\"><img loading=\"lazy\" decoding=\"async\" src=\"https:\/\/bliss-origin.com\/wp-content\/uploads\/2023\/01\/agile-cutout2.png\" width=\"300\" height=\"200\" alt=\"\" class=\"wp-image-1759 alignnone size-medium\" \/><\/div>\n<div id=\"icons-container\">\n<div class=\"center\">\n<div id=\"flex-box\">\n<div class=\"item item-3\">\n<div class=\"icon-box icon-box-3\"><i class=\"fas fa-meteor\"><\/i><\/div>\n<div class=\"title title-3\">\n<h3>Planung und Design<\/h3>\n<\/div>\n<div class=\"text\">\n<p>Agiles Arbeiten auf der Grundlage von SCRUM wird in wiederholten Sprints durchgef\u00fchrt, die mit einer Sprint-Planung beginnt und Aufgaben im Zusammenhang mit Untersuchung, Design, Organisation, Entwicklung, Test und Bereitstellung umfasst.<\/p>\n<\/div>\n<\/div>\n<div class=\"item item-3\">\n<div class=\"icon-box icon-box-3\"><i id=\"android\" class=\"fab fa-android\"><\/i><\/div>\n<div class=\"title title-3\">\n<h3>Entwicklung und Test<\/h3>\n<\/div>\n<div class=\"text\">\n<p>Unsere Entwickler implementieren die geplanten Funktionen und \u00fcbergeben sie zum Testen an Sie als Product Owner oder an unsere eigenen Tester. Diese sind darauf spezialisiert, Fehler effektiv zu finden, um als Ergebnis eine qualitativ hochwertige Software zu garantieren.<\/p>\n<\/div>\n<\/div>\n<div class=\"item item-3\">\n<div class=\"icon-box icon-box-3\"><i class=\"fas fa-cog\"><\/i><\/div>\n<div class=\"title title-3\">\n<h3>Bereitstellung und \u00dcberpr\u00fcfung<\/h3>\n<\/div>\n<div class=\"text\">\n<p>Anschlie\u00dfend wird ein Software-Inkrement bereitgestellt und das gesamte Team, einschlie\u00dflich der Entwickler, des Scrum Masters und des Product Owners, \u00fcberpr\u00fcft das Ergebnis. Basierend auf neuen Erkenntnissen oder weiteren W\u00fcnschen startet das Team einen neuen Sprint, bis alle Funktionen und Qualit\u00e4tsstandards Ihrer Webseite oder App erf\u00fcllt sind.<\/p>\n<\/div>\n<\/div>\n<div class=\"item item-3\">\n<div class=\"icon-box icon-box-3\"><i id=\"mobile\" class=\"fas fa-mobile-alt\"><\/i> <!-- add padding & id--><\/div>\n<div class=\"title title-3\">\n<h3>Ver\u00f6ffentlichung<\/h3>\n<\/div>\n<div class=\"text\">\n<p>Es ist an der Zeit, die erste Version Ihres Projekts auf Ihrer firmeneigenen Umgebung oder auf den weltweit verf\u00fcgbaren Online-Hostern f\u00fcr Ihre Webseite bzw. Online-Stores f\u00fcr Ihre App zu ver\u00f6ffentlichen. Auch anschlie\u00dfend sind wir f\u00fcr weitere Sprint-Zyklen, Wartungen und Support f\u00fcr Sie da.<\/p>\n<\/div>\n<\/div>\n<\/div>\n<\/div>\n<\/div>\n<p>[\/et_pb_tab][et_pb_tab title=&#8221;WEB &#038; APP TESTING&#8221; _builder_version=&#8221;4.14.7&#8243; _module_preset=&#8221;default&#8221; hover_transition_duration=&#8221;100ms&#8221; global_colors_info=&#8221;{}&#8221;]<\/p>\n<div class=\"tab_text\">\n<h3 style=\"text-align: left;\">UNSER ANGEBOT<\/h3>\n<p>Jedes erfolgreiche Softwareprojekt wie eine Webseite oder eine App erfordert gr\u00fcndliche Tests auf vielen Ebenen, um ein sicheres und fehlerfreies Produkt und einen fehlerfreien Dienst zu gew\u00e4hrleisten. Kunden erkennen selten den Aufwand, der hinter einer sauberen und fehlerfreien Webseite oder App steckt, beschweren sich aber immer, wenn sie Fehler finden. Die Steigerung der Kundenzufriedenheit und des Produkterfolgs steht in direktem Zusammenhang mit dem richtigen Testen auf allen Ebenen.<\/p>\n<p>Aus diesem Grund bieten wir:<\/p>\n<ul>\n<li style=\"text-align: left;\">manuelle Web- und App-Tests Ihres Produkts<\/li>\n<li style=\"text-align: left;\">professionell testende Entwickler zur Unterst\u00fctzung Ihrer Projektteams<\/li>\n<li style=\"text-align: left;\">Unit Tests<\/li>\n<li style=\"text-align: left;\">Integrationstests<\/li>\n<li style=\"text-align: left;\">System- und UI-Tests<\/li>\n<li style=\"text-align: left;\">Sprinttests<\/li>\n<li style=\"text-align: left;\">Web-Penetrationstests<\/li>\n<li style=\"text-align: left;\">und mehr ..<\/li>\n<\/ul>\n<p>F\u00fcr weitere Details k\u00f6nnen Sie sich gerne mit uns in Verbindung setzen.<\/p>\n<\/div>\n<div class=\"tab_image\"><img loading=\"lazy\" decoding=\"async\" src=\"https:\/\/bliss-origin.com\/wp-content\/uploads\/2023\/01\/test-cutout.png\" width=\"300\" height=\"150\" alt=\"\" class=\"wp-image-1761 alignnone size-medium\" \/><\/div>\n<div id=\"icons-container\">\n<div class=\"center\">\n<div id=\"flex-box\">\n<div class=\"item item-4\">\n<div class=\"icon-box icon-box-4\"><i class=\"fas fa-search\"><\/i><\/div>\n<div class=\"title title-4\">\n<h3>Anforderungsanalyse<\/h3>\n<\/div>\n<div class=\"text\">\n<p>Was sind die Defizite in Ihrer derzeitigen Entwicklungsweise oder in Ihrem Softwareprodukt? Welche Arten von Tests ben\u00f6tigen Sie, um die Qualit\u00e4t Ihrer Webseite oder App zu verbessern? Entweder Sie sind sich \u00fcber diese Punkte im Klaren oder Sie ben\u00f6tigen weitere Unterst\u00fctzung und Beratung, dann werden wir Ihre Anfrage gemeinsam l\u00f6sen.<\/p>\n<\/div>\n<\/div>\n<div class=\"item item-4\">\n<div class=\"icon-box icon-box-4\"><i class=\"fas fa-chart-line\"><\/i><\/div>\n<div class=\"title title-4\">\n<h3>Strategie<\/h3>\n<\/div>\n<div class=\"text\">\n<p>Basierend auf Ihren Anforderungen bieten wir Ihnen die ideale Strategie und unterst\u00fctzen Sie dabei, aussagekr\u00e4ftige Tests einzubauen und so die Qualit\u00e4t Ihrer Softwareprodukte immens zu verbessern.<\/p>\n<\/div>\n<\/div>\n<div class=\"item item-4\">\n<div class=\"icon-box icon-box-4\"><i class=\"fas fa-exchange-alt\"><\/i><\/div>\n<div class=\"title title-4\">\n<h3>Testen<\/h3>\n<\/div>\n<div class=\"text\">\n<p>Nach der Erstellung eines Testplans, der auf der idealen Strategie basiert, machen sich unsere Entwickler und Tester an die Arbeit und liefern im Rahmen Ihrer Arbeitsumgebung Ergebnisse nach Ihren W\u00fcnschen. Dies umfasst sowohl agiles Arbeiten als auch konkrete Testauftr\u00e4ge, die von uns ausgef\u00fchrt werden.<\/p>\n<\/div>\n<\/div>\n<div class=\"item item-4\">\n<div class=\"icon-box icon-box-4\"><i class=\"fas fa-chart-area\"><\/i><\/div>\n<div class=\"title title-4\">\n<h3>Messung<\/h3>\n<\/div>\n<div class=\"text\">\n<p>Mit den von uns vorgeschlagenen Qualit\u00e4tsmetriken und Ihren eigenen Anforderungen messen wir die Effektivit\u00e4t der Tests und beweisen Ihren Unternehmensleitern und Produktkunden den steigenden Wert Ihrer Arbeit mit dem Lohn einer stabilen und sicheren Software.<\/p>\n<\/div>\n<\/div>\n<\/div>\n<\/div>\n<\/div>\n<p>[\/et_pb_tab][\/et_pb_tabs][\/et_pb_column][\/et_pb_row][\/et_pb_section]<\/p>","protected":false},"excerpt":{"rendered":"<p>OUR SERVICES TAKE A LOOK ON WHAT WE CAN DO FOR YOU!Our Main Expertise SOLUTIONS FOR YOUR SUCCESS OUR OFFERING We love speed and quality. Therefore we have focused to deliver You easily editable Websites based on WYSIWYG &#8211; &#8220;What You See Is What You Get&#8221;. This means Your website will remain under Your control [&hellip;]<\/p>","protected":false},"author":1,"featured_media":0,"parent":0,"menu_order":0,"comment_status":"closed","ping_status":"closed","template":"","meta":{"_et_pb_use_builder":"on","_et_pb_old_content":"<!-- wp:divi\/placeholder \/-->","_et_gb_content_width":"","footnotes":""},"class_list":["post-1221","page","type-page","status-publish","hentry"],"_links":{"self":[{"href":"https:\/\/bliss-origin.com\/de\/wp-json\/wp\/v2\/pages\/1221","targetHints":{"allow":["GET"]}}],"collection":[{"href":"https:\/\/bliss-origin.com\/de\/wp-json\/wp\/v2\/pages"}],"about":[{"href":"https:\/\/bliss-origin.com\/de\/wp-json\/wp\/v2\/types\/page"}],"author":[{"embeddable":true,"href":"https:\/\/bliss-origin.com\/de\/wp-json\/wp\/v2\/users\/1"}],"replies":[{"embeddable":true,"href":"https:\/\/bliss-origin.com\/de\/wp-json\/wp\/v2\/comments?post=1221"}],"version-history":[{"count":130,"href":"https:\/\/bliss-origin.com\/de\/wp-json\/wp\/v2\/pages\/1221\/revisions"}],"predecessor-version":[{"id":8507,"href":"https:\/\/bliss-origin.com\/de\/wp-json\/wp\/v2\/pages\/1221\/revisions\/8507"}],"wp:attachment":[{"href":"https:\/\/bliss-origin.com\/de\/wp-json\/wp\/v2\/media?parent=1221"}],"curies":[{"name":"wp","href":"https:\/\/api.w.org\/{rel}","templated":true}]}}